{"id":157,"date":"2019-05-14T23:35:57","date_gmt":"2019-05-14T20:35:57","guid":{"rendered":"http:\/\/www.annaliisakankaanmaki.com\/en\/?page_id=157"},"modified":"2019-05-14T23:35:57","modified_gmt":"2019-05-14T20:35:57","slug":"verkkosivujen-tietosuojakaytanto","status":"publish","type":"page","link":"http:\/\/www.annaliisakankaanmaki.com\/en\/verkkosivujen-tietosuojakaytanto\/","title":{"rendered":"Verkkosivujen Tietosuojak\u00e4yt\u00e4nt\u00f6"},"content":{"rendered":"<h2>Verkkosivujen tietosuojak\u00e4yt\u00e4nt\u00f6<\/h2>\n<p>Kunnioitamme verkkosivuillamme www.annaliisakankaanmaki.com vierailevien k\u00e4ytt\u00e4jien yksityisyyden suojaa. K\u00e4sittelemme verkkosivujemme kautta sy\u00f6tt\u00e4mi\u00e4si tietoja luottamuksellisesti henkil\u00f6tietolain (523\/1999) mukaisesti.<\/p>\n<p>T\u00e4m\u00e4 tietosuojak\u00e4yt\u00e4nt\u00f6 kuvaa, kuinka k\u00e4yt\u00e4mme ja k\u00e4sittelemme sinusta verkkosivujemme k\u00e4ytt\u00e4j\u00e4n\u00e4 ker\u00e4\u00e4mi\u00e4mme tietoja. K\u00e4ytt\u00e4m\u00e4ll\u00e4 verkkosivujamme hyv\u00e4ksyt t\u00e4ll\u00e4 sivulla kuvatut tietosuoja- ja ev\u00e4stek\u00e4yt\u00e4nn\u00f6t. Sivuston k\u00e4ytt\u00e4j\u00e4n\u00e4 annat suostumuksesi ev\u00e4steiden tallentamiseen sallimalla ev\u00e4steet selaimen asetuksissa.<\/p>\n<p>Pid\u00e4t\u00e4mme oikeuden p\u00e4ivitt\u00e4\u00e4 ja muuttaa t\u00e4t\u00e4 tietosuojak\u00e4yt\u00e4nt\u00f6\u00e4.<\/p>\n<h2>Mit\u00e4 tietoja ker\u00e4\u00e4mme?<\/h2>\n<p>Vieraillessasi verkkosivuillamme ker\u00e4\u00e4mme sinusta anonyymisti verkkosivujen k\u00e4ytt\u00f6\u00f6n ja k\u00e4ytt\u00f6kokemukseen liittyvi\u00e4 tietoja, kuten IP-osoitteesi, tietoja selaimesi ja k\u00e4ytt\u00f6j\u00e4rjestelm\u00e4si asetuksista ja sivujen k\u00e4ytt\u00f6tavoista. K\u00e4yt\u00e4mme ker\u00e4\u00e4mi\u00e4mme tietoja verkkosivujemme kehitt\u00e4miseen ja parantamiseen.<\/p>\n<p>Ker\u00e4\u00e4mme verkkosivujemme kautta ainoastaan henkil\u00f6tietoja, jotka vapaaehtoisesti l\u00e4het\u00e4t meille. T\u00e4ytt\u00e4ess\u00e4si yhteydenottolomakkeen verkkosivujemme kautta sinulta kysyt\u00e4\u00e4n nime\u00e4 ja s\u00e4hk\u00f6postiosoitetta. Voit halutessasi t\u00e4ytt\u00e4\u00e4 my\u00f6s puhelinnumerosi ja lis\u00e4tietoja yhteydenottopyynt\u00f6\u00f6n liittyen. Kysymme mahdollisesti s\u00e4hk\u00f6postiosoitettasi tai muita tarkoituksenmukaisia henkil\u00f6tietoja my\u00f6s ladatessasi julkaisuja verkkosivuiltamme tai ilmoittautuessasi esimerkiksi meid\u00e4n tai kumppaneidemme j\u00e4rjest\u00e4miin tapahtumiin.<\/p>\n<p>Mik\u00e4li olet selaimessasi sallinut ev\u00e4steet, IP-osoitteesi voidaan yhdist\u00e4\u00e4 verkkosivuillamme sy\u00f6tt\u00e4miisi tietoihin asiakasviestinn\u00e4n parantamiseksi. Toisaalta joissain tapauksissa salaamme IP-osoitteen valmiiksi niin, ettei sit\u00e4 voida j\u00e4ljitt\u00e4\u00e4 k\u00e4ytt\u00e4j\u00e4\u00e4n.<\/p>\n<h2>Kuinka k\u00e4yt\u00e4mme tietojasi?<\/h2>\n<ul>\n<li>Yhteydenottopyynt\u00f6jen k\u00e4sittelyyn ja niihin vastaamiseen<\/li>\n<li>Esitt\u00e4\u00e4ksemme verkkosivujemme sis\u00e4lt\u00f6\u00e4 k\u00e4ytt\u00e4m\u00e4llesi laitteelle parhaiten soveltuvalla tavalla<\/li>\n<li>Verkkosivujemme k\u00e4yt\u00f6n seurantaan sek\u00e4 k\u00e4ytt\u00f6kokemuksen ja toiminnallisuuden parantamiseen<\/li>\n<li>Myynninedist\u00e4mis- ja markkinointikampanjoiden tehokkuuden seuraamiseen<\/li>\n<li>Lain sallimissa puitteissa palveluidemme markkinointiin ja tarjotaksemme sinulle tuotteita ja palveluja<\/li>\n<li>Asiakasviestinn\u00e4n parantamiseksi ja potentiaalisten asiakkaiden tunnistamiseksi<\/li>\n<\/ul>\n<h2>Luovutammeko tietoja eteenp\u00e4in?<\/h2>\n<p>Emme luovuta henkil\u00f6tietojasi www.annaliisakankaanmaki.com sivuston ulkopuolelle ja k\u00e4yt\u00e4mme tietojasi ainoastaan t\u00e4m\u00e4n tietosuojak\u00e4yt\u00e4nn\u00f6n mukaisesti. Tietojen k\u00e4ytt\u00f6oikeus on vain palveluksessamme olevilla henkil\u00f6ill\u00e4, jotka tarvitsevat tietoja ty\u00f6teht\u00e4viens\u00e4 suorittamiseksi. Tietojasi ei luovuteta muille organisaatioille kaupallisiin tarkoituksiin.<\/p>\n<p>Poikkeuksena edelliseen, tietojasi voidaan siirt\u00e4\u00e4 henkil\u00f6tietolain puitteissa meille palveluja tuottaville yrityksille my\u00f6s EU:n ja ETA:n ulkopuolelle. Kolmansilla osapuolilla ei ole lupaa k\u00e4ytt\u00e4\u00e4 tietoja omiin tarkoituksiinsa, ja heid\u00e4n tulee olla sitoutuneita varmistamaan riitt\u00e4v\u00e4 tietosuojan tason toteutuminen.<\/p>\n<h2>Miten voit vaikuttaa tietojen ker\u00e4\u00e4miseen?<\/h2>\n<p>Sinulla on oikeus tarkastaa mit\u00e4 tietoja sinusta s\u00e4ilyt\u00e4mme ja tehd\u00e4 tietoihin korjauksia ja muutoksia ja halutessasi pyyt\u00e4\u00e4 tietojen poistamista. Sinulla on my\u00f6s oikeus kielt\u00e4\u00e4 tietojesi k\u00e4ytt\u00f6 suoramarkkinointiin.<\/p>\n<ul>\n<li>Pyynn\u00f6t edell\u00e4 mainittuihin liittyen voi toimittaa joko s\u00e4hk\u00f6postitse keskijylha [at] gmail.com<\/li>\n<li>Voit l\u00e4hett\u00e4\u00e4 pyynn\u00f6n yhteydenottolomakkeella verkkosivujemme kautta<\/li>\n<\/ul>\n<p>Jos et halua verkkosivujemme tallentavan ev\u00e4stetiedostoja, se on mahdollista kielt\u00e4\u00e4 selaimen asetuksissa sivustokohtaisesti tai kokonaan. Voit my\u00f6s poistaa selaimesi tallentamat ev\u00e4stetiedostot milloin tahansa. Esimerkiksi:<\/p>\n<ul>\n<li>Internet Explorer: <a href=\"https:\/\/support.microsoft.com\/fi-fi\/help\/17442\/windows-internet-explorer-delete-manage-cookies\" target=\"_blank\" rel=\"noopener noreferrer\">https:\/\/support.microsoft.com\/fi-fi\/help\/17442\/windows-internet-explorer-delete-manage-cookies<\/a><\/li>\n<li>Google Chrome: <a href=\"https:\/\/support.google.com\/chrome\/answer\/95647?hl=fi\" target=\"_blank\" rel=\"noopener noreferrer\">https:\/\/support.google.com\/chrome\/answer\/95647?hl=fi<\/a><\/li>\n<li>Mozilla Firefox: <a href=\"https:\/\/support.mozilla.org\/fi\/kb\/evasteiden-paalle-ja-poiskytkeminen\" target=\"_blank\" rel=\"noopener noreferrer\">https:\/\/support.mozilla.org\/fi\/kb\/evasteiden-paalle-ja-poiskytkeminen<\/a><\/li>\n<li>Safari: <a href=\"http:\/\/support.apple.com\/kb\/HT1677?viewlocale=fi_FI&amp;locale=fi_FI\" target=\"_blank\" rel=\"noopener noreferrer\">http:\/\/support.apple.com\/kb\/HT1677?viewlocale=fi_FI&amp;locale=fi_FI<\/a><\/li>\n<\/ul>\n<p>On kuitenkin huomioitava, ett\u00e4 ev\u00e4stetiedostojen kielt\u00e4minen voi vaikuttaa sivuston toiminnallisuuteen.<\/p>\n<h2>Ev\u00e4steiden k\u00e4ytt\u00f6<\/h2>\n<p>Cookie- eli ev\u00e4stetiedosto on tietokoneelle tallennettava pieni tekstitiedosto. K\u00e4yt\u00e4mme verkkosivuillamme ev\u00e4stetiedostoja ensisijaisesti parantaaksemme sivuston k\u00e4ytt\u00f6kokemusta ja toiminnallisuutta sek\u00e4 arvioidaksemme, miten sivuilla olevaa sis\u00e4lt\u00f6\u00e4 k\u00e4ytet\u00e4\u00e4n. Verkkosivuillamme k\u00e4ytt\u00e4m\u00e4mme ev\u00e4steet eiv\u00e4t ker\u00e4\u00e4 henkil\u00f6tietoja.<\/p>\n<p>K\u00e4yt\u00e4mme verkkosivuillamme my\u00f6s kolmansien osapuolien sivustoanalytiikka- ja markkinointij\u00e4rjestelmi\u00e4, kuten Google Analytics. J\u00e4rjestelm\u00e4t ker\u00e4\u00e4v\u00e4t sivustolla k\u00e4vij\u00f6ist\u00e4 tiettyj\u00e4 tietoja ev\u00e4stetiedostojen avulla, jotta sivuston k\u00e4ytt\u00f6\u00e4 voidaan arvioida ja parantaa. N\u00e4it\u00e4 tietoja ovat esimerkiksi mit\u00e4 kautta k\u00e4ytt\u00e4j\u00e4 on l\u00f6yt\u00e4nyt sivustolle ja miten h\u00e4n toimii sivustolla. J\u00e4rjestelmien tarjoajat v\u00e4litt\u00e4v\u00e4t ja s\u00e4ilytt\u00e4v\u00e4t ker\u00e4tyt tiedot palvelimillaan.<\/p>\n<p>&nbsp;<\/p>\n<h2>Mihin voit ottaa yhteytt\u00e4?<\/h2>\n<p>Tietosuojaan ja ev\u00e4steiden k\u00e4ytt\u00f6\u00f6n liittyviss\u00e4 tiedusteluissa pyyd\u00e4mme sinua ottamaan yhteytt\u00e4 s\u00e4hk\u00f6postitse annaliisa_kankaanmaki[at]hotmail.com<\/p>\n","protected":false},"excerpt":{"rendered":"<p>Verkkosivujen tietosuojak\u00e4yt\u00e4nt\u00f6 Kunnioitamme verkkosivuillamme www.annaliisakankaanmaki.com vierailevien k\u00e4ytt\u00e4jien yksityisyyden suojaa. K\u00e4sittelemme verkkosivujemme kautta sy\u00f6tt\u00e4mi\u00e4si tietoja luottamuksellisesti henkil\u00f6tietolain (523\/1999) mukaisesti. T\u00e4m\u00e4 tietosuojak\u00e4yt\u00e4nt\u00f6 kuvaa, kuinka k\u00e4yt\u00e4mme ja k\u00e4sittelemme sinusta verkkosivujemme k\u00e4ytt\u00e4j\u00e4n\u00e4 ker\u00e4\u00e4mi\u00e4mme tietoja. K\u00e4ytt\u00e4m\u00e4ll\u00e4 verkkosivujamme hyv\u00e4ksyt t\u00e4ll\u00e4 sivulla kuvatut tietosuoja- ja ev\u00e4stek\u00e4yt\u00e4nn\u00f6t. Sivuston k\u00e4ytt\u00e4j\u00e4n\u00e4 annat suostumuksesi ev\u00e4steiden tallentamiseen sallimalla ev\u00e4steet selaimen asetuksissa. Pid\u00e4t\u00e4mme oikeuden p\u00e4ivitt\u00e4\u00e4 ja muuttaa t\u00e4t\u00e4 [&hellip;]<\/p>\n","protected":false},"author":1,"featured_media":0,"parent":0,"menu_order":0,"comment_status":"closed","ping_status":"closed","template":"","meta":{"footnotes":""},"class_list":["post-157","page","type-page","status-publish","hentry"],"_links":{"self":[{"href":"http:\/\/www.annaliisakankaanmaki.com\/en\/wp-json\/wp\/v2\/pages\/157","targetHints":{"allow":["GET"]}}],"collection":[{"href":"http:\/\/www.annaliisakankaanmaki.com\/en\/wp-json\/wp\/v2\/pages"}],"about":[{"href":"http:\/\/www.annaliisakankaanmaki.com\/en\/wp-json\/wp\/v2\/types\/page"}],"author":[{"embeddable":true,"href":"http:\/\/www.annaliisakankaanmaki.com\/en\/wp-json\/wp\/v2\/users\/1"}],"replies":[{"embeddable":true,"href":"http:\/\/www.annaliisakankaanmaki.com\/en\/wp-json\/wp\/v2\/comments?post=157"}],"version-history":[{"count":2,"href":"http:\/\/www.annaliisakankaanmaki.com\/en\/wp-json\/wp\/v2\/pages\/157\/revisions"}],"predecessor-version":[{"id":159,"href":"http:\/\/www.annaliisakankaanmaki.com\/en\/wp-json\/wp\/v2\/pages\/157\/revisions\/159"}],"wp:attachment":[{"href":"http:\/\/www.annaliisakankaanmaki.com\/en\/wp-json\/wp\/v2\/media?parent=157"}],"curies":[{"name":"wp","href":"https:\/\/api.w.org\/{rel}","templated":true}]}}