{"id":47,"date":"2018-10-23T14:22:27","date_gmt":"2018-10-23T11:22:27","guid":{"rendered":"http:\/\/anli.keski-jylha.com\/?page_id=47"},"modified":"2019-05-25T15:07:02","modified_gmt":"2019-05-25T12:07:02","slug":"cv","status":"publish","type":"page","link":"http:\/\/www.annaliisakankaanmaki.com\/en\/cv\/","title":{"rendered":"CV"},"content":{"rendered":"<p>Anna-Liisa Kankaanm\u00e4ki &#8211; Curriculum Vitae<\/p>\n<p>&nbsp;<\/p>\n<p><strong>CONTACT INFO<\/strong><\/p>\n<p>Phone: 040 5864728<br \/>\nE-mail: <a href=\"mailto:annaliisa_kankaanmaki@hotmail.com\">annaliisa_kankaanmaki(at)hotmail.com<\/a><\/p>\n<p><a href=\"http:\/\/www.annaliisakankaanmaki.com\">www.annaliisakankaanmaki.com<\/a><\/p>\n<p>&nbsp;<\/p>\n<p><strong>PERSONAL INFO<\/strong><\/p>\n<p>Anna-Liisa Carita Kankaanm\u00e4ki<br \/>\nBirth: 2.10.1985, Koski HL<\/p>\n<p>&nbsp;<\/p>\n<p><strong>EDUCATION<\/strong><\/p>\n<p>1.9.2009-2012<br \/>\nAalto-yliopisto, Taiteiden ja suunnittelun korkeakoulu<br \/>\nKuvataiteen maisteriohjelma<\/p>\n<p>2005-2009<br \/>\nLahden ammattikorkeakoulu, Taideinstituutti<br \/>\nKuvataiteilija AMK<\/p>\n<p>2008<br \/>\nFacultad de Bellas Artes de San Carlos<br \/>\nUniversidad Politecnica de Valencia, Espanja<\/p>\n<p>2004-2005<br \/>\nKannelj\u00e4rven Opisto, Kuvataidelinja<\/p>\n<p>&nbsp;<\/p>\n<p><strong>UPCOMING EXHIBITIONS<\/strong><\/p>\n<p>&nbsp;<\/p>\n<p><strong>SOLO EXHIBITIONS<\/strong><\/p>\n<p>2019 Alttarikaappeja, Galleria Katariina, Helsinki<br \/>\n2018 Pyhimyskaappi, Pro Puu -galleria, Lahti<br \/>\n2018 Closed Saints, Art Bank, Parainen<br \/>\n2016 Eeden, Art Bank, Parainen<br \/>\n2016 Maallisten ilojen puutarha, Galleria Rantakasarmi, Helsinki<br \/>\n2015 Riippuvuus, Art Bank, Parainen<br \/>\n2015 Putoaminen, Black Wall Gallery, Vaasa<\/p>\n<p>&nbsp;<\/p>\n<p><strong>GROUP EXHIBITIONS<\/strong><\/p>\n<p>2017 Kohina, H\u00e4meen nuorten Biennaali, Galleria ARX, H\u00e4meenlinna<br \/>\n2017 Jaettu maailma ryhm\u00e4n\u00e4yttely, Hokkanen &amp; Kankaanm\u00e4ki, Taidekeskus M\u00e4ltinranta, Tampere<br \/>\n2015 Wunderkammer yhteisn\u00e4yttely, Galleria Huuto J\u00e4tk\u00e4saari, Helsinki<br \/>\n2014\u00a0Olohuonen\u00e4yttely, yhteisn\u00e4yttely, Helsinki<br \/>\n2013 The Art of Slaughter yhteisn\u00e4yttely Teurastamo, Helsinki<br \/>\n2011 Maalauksia ja lasimaalauksia, Kankaanm\u00e4ki ja Katla, Galleria\u00a0Uusi\u00a0Kipin\u00e4, Lahti<br \/>\n2011 Itsesensuuri, Kankaanm\u00e4ki ja Katla, Pispalan nykytaiteen keskus, Hirvitalo, Tampere<br \/>\n2011 P\u00e4iv\u00e4kahvit, Kankaanm\u00e4ki ja Katla, Galleria Johan S, Helsinki<br \/>\n2011 Antidote &#8211; Political Art from Aalto University, Teemu M\u00e4ki ja oppilaat, RSProjectspace, Berliini<br \/>\n2010 Ahne, Suvilahden kattilahalli, yhteisn\u00e4yttely, Helsinki<br \/>\n2010 El\u00e4intarha, Kankaanm\u00e4ki ja Katla, Yli-Marolan kotiel\u00e4inpiha, Lahti<br \/>\n2010 Maalauksia Huovilasta, Kankaanm\u00e4ki ja Katla, Kauppamakasiini, K\u00e4rk\u00f6l\u00e4<br \/>\n2010 Pyh\u00e4 tuho -Kauneuden puhdistavasta voimasta, yhteisn\u00e4yttely, Galleria Maaret Finnberg, Turku<br \/>\n2010 Lihaa, lihaa, Galleria Atski, Taideteollinen korkeakoulu, Helsinki<br \/>\n2010 6 x KUUSI, Helsingin taiteilijaseuran jouluripustus, Galleria Katariina, Helsinki<br \/>\n2010 Sateenkaaren tuolla puolen, Galleria G18, Helsinki, yhteisn\u00e4yttely Tribadien y\u00f6t ja p\u00e4iv\u00e4t -tapahtuman yhteydess\u00e4<br \/>\n2009 The Art of Basware, Sanomatalo, Helsinki<br \/>\n2009 Lis\u00e4\u00e4 taiteilijoita, Lahden Taideinstituutin opinn\u00e4ytety\u00f6n\u00e4yttely, Puristamo, Kaapelitehdas, Helsinki<br \/>\n2009 Todellisuuden pako, Aulagalleria,\u00a0Lahti<br \/>\n2008 Taide l\u00e4sn\u00e4, ryhm\u00e4n\u00e4yttely, Fellmanni,\u00a0Lahti<br \/>\n2008 Masivamente, ryhm\u00e4n\u00e4yttely, Espai Cultural Biblioteca Azorin,Valencia<br \/>\n2008 Bibliotheka, ryhm\u00e4n\u00e4yttely, Junta Municipal Ciutat Vella C\/ El Micalet, Valencia<br \/>\n2007 Valintoja, ryhm\u00e4n\u00e4yttely, Sibeliustalo,\u00a0Lahti<br \/>\n2005 Kannelj\u00e4rven Opiston kuvataidelinjan kev\u00e4tn\u00e4yttely, Virkkala, Lohja<\/p>\n<p>&nbsp;<\/p>\n<p><strong>MEMBERSHIPS<\/strong><\/p>\n<p>Taidemaalariliitto, kokelasj\u00e4sen<br \/>\nLahden Taiteilijaseura<\/p>\n<p>&nbsp;<\/p>\n<p><strong>GRANTS AND STIPENDS<\/strong><\/p>\n<p>2019 VISEK, kohdeapuraha<br \/>\n2018 Kauno ry, pienprojektiraha<br \/>\n2005\u00a0Kannelj\u00e4rven Opiston kuvataidelinjan stipendi<\/p>\n<p>&nbsp;<\/p>\n<p><strong>STUDY TRIPS<\/strong><\/p>\n<p>2008 Facultad de Bellas Artes de San Carlos<br \/>\nUniversidad Politecnica de Valencia, Espanja<br \/>\n2007 Opintomatka Tarttoon<\/p>\n<p>&nbsp;<\/p>\n<p><a href=\"http:\/\/anli.keski-jylha.com\/wp-content\/uploads\/2018\/10\/anna-liisa_kankaanmaki_cv_suomenkielinen.pdf\">Anna-Liisa Kankaanm\u00e4ki cv_suomenkielinen<\/a><\/p>\n","protected":false},"excerpt":{"rendered":"<p>Anna-Liisa Kankaanm\u00e4ki &#8211; Curriculum Vitae &nbsp; CONTACT INFO Phone: 040 5864728 E-mail: annaliisa_kankaanmaki(at)hotmail.com www.annaliisakankaanmaki.com &nbsp; PERSONAL INFO Anna-Liisa Carita Kankaanm\u00e4ki Birth: 2.10.1985, Koski HL &nbsp; EDUCATION 1.9.2009-2012 Aalto-yliopisto, Taiteiden ja suunnittelun korkeakoulu Kuvataiteen maisteriohjelma 2005-2009 Lahden ammattikorkeakoulu, Taideinstituutti Kuvataiteilija AMK 2008 Facultad de Bellas Artes de San Carlos Universidad Politecnica de Valencia, Espanja 2004-2005 Kannelj\u00e4rven [&hellip;]<\/p>\n","protected":false},"author":1,"featured_media":0,"parent":0,"menu_order":0,"comment_status":"closed","ping_status":"closed","template":"","meta":{"footnotes":""},"class_list":["post-47","page","type-page","status-publish","hentry"],"_links":{"self":[{"href":"http:\/\/www.annaliisakankaanmaki.com\/en\/wp-json\/wp\/v2\/pages\/47","targetHints":{"allow":["GET"]}}],"collection":[{"href":"http:\/\/www.annaliisakankaanmaki.com\/en\/wp-json\/wp\/v2\/pages"}],"about":[{"href":"http:\/\/www.annaliisakankaanmaki.com\/en\/wp-json\/wp\/v2\/types\/page"}],"author":[{"embeddable":true,"href":"http:\/\/www.annaliisakankaanmaki.com\/en\/wp-json\/wp\/v2\/users\/1"}],"replies":[{"embeddable":true,"href":"http:\/\/www.annaliisakankaanmaki.com\/en\/wp-json\/wp\/v2\/comments?post=47"}],"version-history":[{"count":11,"href":"http:\/\/www.annaliisakankaanmaki.com\/en\/wp-json\/wp\/v2\/pages\/47\/revisions"}],"predecessor-version":[{"id":167,"href":"http:\/\/www.annaliisakankaanmaki.com\/en\/wp-json\/wp\/v2\/pages\/47\/revisions\/167"}],"wp:attachment":[{"href":"http:\/\/www.annaliisakankaanmaki.com\/en\/wp-json\/wp\/v2\/media?parent=47"}],"curies":[{"name":"wp","href":"https:\/\/api.w.org\/{rel}","templated":true}]}}