{"id":61,"date":"2018-10-23T14:36:36","date_gmt":"2018-10-23T11:36:36","guid":{"rendered":"http:\/\/anli.keski-jylha.com\/?page_id=61"},"modified":"2019-05-14T21:40:18","modified_gmt":"2019-05-14T18:40:18","slug":"newspaper-clips","status":"publish","type":"page","link":"http:\/\/www.annaliisakankaanmaki.com\/en\/newspaper-clips\/","title":{"rendered":"Newspaper-clips"},"content":{"rendered":"<ul>\n<li><strong><a href=\"http:\/\/anli.keski-jylha.com\/arvostelut\/ihmiset-lihakoukuissa-testaavat-vapautta\/\">Ihmiset lihakoukuissa testaavat vapautta<\/a><\/strong><br \/>\nAnu Uimonen<br \/>\nHelsingin SanomatJulkaistu 24.9.2009<br \/>\nosastolla KulttuuriSateenkaaren tuolla puolen<br \/>\nGalleria G18, 2009<\/li>\n<li><strong><a href=\"http:\/\/anli.keski-jylha.com\/arvostelut\/pyha-tuho-pureutuu-kauneuteen\/\">Pyh\u00e4\u00a0tuho pureutuu kauneuteen<\/a><\/strong><br \/>\nMarianne M\u00e4kitalo<br \/>\nTurun SanomatJulkaistu kes\u00e4kuussa 2010<br \/>\nPyh\u00e4\u00a0tuho &#8211; Kauneuden puhdistavasta voimasta<br \/>\nGalleria Maaret Finnberg, 2010<\/li>\n<li><strong><a href=\"http:\/\/anli.keski-jylha.com\/arvostelut\/imetysta-ja-pervoa-tiffany-lasia-katariina-katlan-ja-anna-liisa-kankaanmaen-paivakahvit\/\">Imetyst\u00e4\u00a0ja pervoa Tiffany-lasia &#8211; Katariina Katlan ja Anna-Liisa Kankaanm\u00e4en &#8220;P\u00e4iv\u00e4kahvit&#8221;<\/a><\/strong><br \/>\nPirkko Holmberg<br \/>\nMustekalainfo<br \/>\n<a href=\"http:\/\/www.mustekala.info\/node\/2219\">http:\/\/www.mustekala.info\/node\/2219<\/a><br \/>\nJulkaistu 9.5.2011P\u00e4iv\u00e4kahvit<br \/>\nGalleria Johan S, 2011<\/li>\n<li><strong><a href=\"http:\/\/anli.keski-jylha.com\/arvostelut\/tattoos-dykes-and-our-dear-standards-and-values\/\">Tattoos, Dykes and Our Dear Standards and Values<\/a><br \/>\n<\/strong>Jenna Jauhiainen<br \/>\nMustekalainfo<br \/>\n<a href=\"http:\/\/www.mustekala.info\/node\/2231\">http:\/\/www.mustekala.info\/node\/2231<\/a><br \/>\nJulkaistu 12.5.2011P\u00e4iv\u00e4kahvit<br \/>\nGalleria Johan S, 2011<\/li>\n<li><a href=\"http:\/\/anli.keski-jylha.com\/arvostelut\/antidote-1\/\"><strong>Antidote 1<\/strong><\/a><br \/>\nTeemu M\u00e4ki<br \/>\n<a href=\"http:\/\/www.antidote.fi\/kankaanmaki.html\">http:\/\/www.antidote.fi\/kankaanmaki.html<\/a><br \/>\nJulkaistu 2010Antidote &#8211; Political Art from Aalto University<br \/>\nHinterhaus, Fichtestrasse 3, 10967 Berlin Germany, 2010<\/li>\n<\/ul>\n","protected":false},"excerpt":{"rendered":"<p>Ihmiset lihakoukuissa testaavat vapautta Anu Uimonen Helsingin SanomatJulkaistu 24.9.2009 osastolla KulttuuriSateenkaaren tuolla puolen Galleria G18, 2009 Pyh\u00e4\u00a0tuho pureutuu kauneuteen Marianne M\u00e4kitalo Turun SanomatJulkaistu kes\u00e4kuussa 2010 Pyh\u00e4\u00a0tuho &#8211; Kauneuden puhdistavasta voimasta Galleria Maaret Finnberg, 2010 Imetyst\u00e4\u00a0ja pervoa Tiffany-lasia &#8211; Katariina Katlan ja Anna-Liisa Kankaanm\u00e4en &#8220;P\u00e4iv\u00e4kahvit&#8221; Pirkko Holmberg Mustekalainfo http:\/\/www.mustekala.info\/node\/2219 Julkaistu 9.5.2011P\u00e4iv\u00e4kahvit Galleria Johan S, 2011 Tattoos, [&hellip;]<\/p>\n","protected":false},"author":1,"featured_media":0,"parent":0,"menu_order":0,"comment_status":"closed","ping_status":"closed","template":"","meta":{"footnotes":""},"class_list":["post-61","page","type-page","status-publish","hentry"],"_links":{"self":[{"href":"http:\/\/www.annaliisakankaanmaki.com\/en\/wp-json\/wp\/v2\/pages\/61","targetHints":{"allow":["GET"]}}],"collection":[{"href":"http:\/\/www.annaliisakankaanmaki.com\/en\/wp-json\/wp\/v2\/pages"}],"about":[{"href":"http:\/\/www.annaliisakankaanmaki.com\/en\/wp-json\/wp\/v2\/types\/page"}],"author":[{"embeddable":true,"href":"http:\/\/www.annaliisakankaanmaki.com\/en\/wp-json\/wp\/v2\/users\/1"}],"replies":[{"embeddable":true,"href":"http:\/\/www.annaliisakankaanmaki.com\/en\/wp-json\/wp\/v2\/comments?post=61"}],"version-history":[{"count":1,"href":"http:\/\/www.annaliisakankaanmaki.com\/en\/wp-json\/wp\/v2\/pages\/61\/revisions"}],"predecessor-version":[{"id":136,"href":"http:\/\/www.annaliisakankaanmaki.com\/en\/wp-json\/wp\/v2\/pages\/61\/revisions\/136"}],"wp:attachment":[{"href":"http:\/\/www.annaliisakankaanmaki.com\/en\/wp-json\/wp\/v2\/media?parent=61"}],"curies":[{"name":"wp","href":"https:\/\/api.w.org\/{rel}","templated":true}]}}